{"id":3280,"date":"2020-06-15T13:09:27","date_gmt":"2020-06-15T13:09:27","guid":{"rendered":"https:\/\/dev.irene-schueller.de\/?page_id=3280"},"modified":"2026-04-01T16:50:55","modified_gmt":"2026-04-01T16:50:55","slug":"imprint","status":"publish","type":"page","link":"https:\/\/irene-schueller.de\/en\/imprint","title":{"rendered":"Imprint"},"content":{"rendered":"[vc_row type=&#8221;in_container&#8221; full_screen_row_position=&#8221;middle&#8221; column_margin=&#8221;default&#8221; column_direction=&#8221;default&#8221; column_direction_tablet=&#8221;default&#8221; column_direction_phone=&#8221;default&#8221; scene_position=&#8221;center&#8221; text_color=&#8221;dark&#8221; text_align=&#8221;left&#8221; row_border_radius=&#8221;none&#8221; row_border_radius_applies=&#8221;bg&#8221; overflow=&#8221;visible&#8221; overlay_strength=&#8221;0.3&#8243; gradient_direction=&#8221;left_to_right&#8221; shape_divider_position=&#8221;bottom&#8221; bg_image_animation=&#8221;none&#8221;][vc_column column_padding=&#8221;no-extra-padding&#8221; column_padding_tablet=&#8221;inherit&#8221; column_padding_phone=&#8221;inherit&#8221; column_padding_position=&#8221;all&#8221; column_element_direction_desktop=&#8221;default&#8221; column_element_spacing=&#8221;default&#8221; desktop_text_alignment=&#8221;default&#8221; tablet_text_alignment=&#8221;default&#8221; phone_text_alignment=&#8221;default&#8221; background_color_opacity=&#8221;1&#8243; background_hover_color_opacity=&#8221;1&#8243; column_backdrop_filter=&#8221;none&#8221; column_shadow=&#8221;none&#8221; column_border_radius=&#8221;none&#8221; column_link_target=&#8221;_self&#8221; column_position=&#8221;default&#8221; gradient_direction=&#8221;left_to_right&#8221; overlay_strength=&#8221;0.3&#8243; width=&#8221;1\/1&#8243; tablet_width_inherit=&#8221;default&#8221; animation_type=&#8221;default&#8221; bg_image_animation=&#8221;none&#8221; border_type=&#8221;simple&#8221; column_border_width=&#8221;none&#8221; column_border_style=&#8221;solid&#8221;][vc_column_text css=&#8221;&#8221; text_direction=&#8221;default&#8221;]\n<h1>Impressum<\/h1>\n<h2><\/h2>\n<h2 id=\"m46\">Diensteanbieterin gem. \u00a7 5 TMG und Verantwortliche gem. \u00a7 55 II RStV<\/h2>\n<p>Irene Sch\u00fcller<br \/>\nHildastr. 25<br \/>\nD \u2013 79102\u00a0 Freiburg<\/p>\n<h2 id=\"m56\">Kontaktm\u00f6glichkeiten<\/h2>\n<p><strong>E-Mail-Adresse:<\/strong> <a href=\"mailto:schuelleri@web.de\">schuelleri@web.de<\/a><br \/>\n<strong>Telefon:<\/strong> +49 179 3273235<\/p>\n<h2 id=\"m56\">Umsatzsteuer-Identifikationsnummer<\/h2>\n<p><strong>USt.-IdNr.:<\/strong> DE287411633<\/p>\n<h2>Hinweise zur europ\u00e4ischen Online-Plattform zur Beilegung von Streitigkeiten<strong><br \/>\n<\/strong><\/h2>\n<p>Die EU-Kommission hat eine Plattform zur Streitbeilegung eingerichtet, die \u00fcber den folgenden Link zug\u00e4nglich ist: <a href=\"https:\/\/ec.europa.eu\/consumers\/odr\/\" target=\"_blank\" rel=\"noopener noreferrer\">https:\/\/ec.europa.eu\/consumers\/odr\/<\/a>.<\/p>\n<p>Ich bin nicht verpflichtet oder bereit, mich an einem solchen Verfahren zu beteiligen.<\/p>\n<h2 id=\"m65\">Haftungs- und Urheberrechtshinweise<\/h2>\n<p><strong>Haftungsausschluss<\/strong>: Die Inhalte dieses Onlineangebotes wurden sorgf\u00e4ltig und nach unserem aktuellen Kenntnisstand erstellt, dienen jedoch nur der Information und entfalten keine rechtlich bindende Wirkung, sofern es sich nicht um gesetzlich verpflichtende Informationen (z.B. das Impressum, die Datenschutzerkl\u00e4rung, AGB oder verpflichtende Belehrungen von Verbrauchern) handelt. Wir behalten uns vor, die Inhalte vollst\u00e4ndig oder teilweise zu \u00e4ndern oder zu l\u00f6schen, soweit vertragliche Verpflichtungen unber\u00fchrt bleiben. Alle Angebote sind freibleibend und unverbindlich.<\/p>\n<p><strong>Links auf fremde Webseiten<\/strong>: Inhalte fremder Webseiten, auf die wir direkt oder indirekt verweisen, liegen au\u00dferhalb unseres Verantwortungsbereiches und machen wir uns nicht zu Eigen. F\u00fcr alle Inhalte und insbesondere f\u00fcr Sch\u00e4den, die aus der Nutzung der in den verlinkten Webseiten aufrufbaren Informationen entstehen, haftet allein der Anbieter der verlinkten Webseiten.<\/p>\n<p><strong>Urheberrechte und Markenrechte<\/strong>: Alle auf dieser Website dargestellten Inhalte, wie Texte, Fotografien, Grafiken, Marken und Warenzeichen sind durch die jeweiligen Schutzrechte (Urheberrechte, Markenrechte) gesch\u00fctzt. Die Verwendung, Vervielf\u00e4ltigung usw. unterliegen unseren Rechten oder den Rechten der jeweiligen Urheber bzw. Rechteverwalter.<\/p>\n<h2 id=\"m169\">Bildnachweise<\/h2>\n<p><strong>Bildquellen und Urheberrechtshinweise:<\/strong><\/p>\n<p>All works \u00a9 VG Bild-Kunst, Bonn 2020<\/p>\n<p><span style=\"font-size: 0.8em;\"><a title=\"Rechtstext von Dr. Schwenke - f\u00fcr weitere Informationen bitte anklicken.\" href=\"https:\/\/datenschutz-generator.de\/?l=de\" target=\"_blank\" rel=\"noopener noreferrer nofollow\">Erstellt mit kostenlosem Datenschutz-Generator.de von Dr. Thomas Schwenke<\/a><\/span>[\/vc_column_text][\/vc_column][\/vc_row]\n","protected":false},"excerpt":{"rendered":"<p>[vc_row type=&#8221;in_container&#8221; full_screen_row_position=&#8221;middle&#8221; column_margin=&#8221;default&#8221; column_direction=&#8221;default&#8221; column_direction_tablet=&#8221;default&#8221; column_direction_phone=&#8221;default&#8221; scene_position=&#8221;center&#8221; text_color=&#8221;dark&#8221; text_align=&#8221;left&#8221; row_border_radius=&#8221;none&#8221; row_border_radius_applies=&#8221;bg&#8221; overflow=&#8221;visible&#8221; overlay_strength=&#8221;0.3&#8243; gradient_direction=&#8221;left_to_right&#8221; shape_divider_position=&#8221;bottom&#8221; bg_image_animation=&#8221;none&#8221;][vc_column column_padding=&#8221;no-extra-padding&#8221; column_padding_tablet=&#8221;inherit&#8221; column_padding_phone=&#8221;inherit&#8221; column_padding_position=&#8221;all&#8221; column_element_direction_desktop=&#8221;default&#8221; column_element_spacing=&#8221;default&#8221; desktop_text_alignment=&#8221;default&#8221; tablet_text_alignment=&#8221;default&#8221; phone_text_alignment=&#8221;default&#8221; background_color_opacity=&#8221;1&#8243; background_hover_color_opacity=&#8221;1&#8243; column_backdrop_filter=&#8221;none&#8221; column_shadow=&#8221;none&#8221;&#8230;<\/p>\n","protected":false},"author":1,"featured_media":0,"parent":0,"menu_order":0,"comment_status":"closed","ping_status":"closed","template":"","meta":{"footnotes":""},"class_list":["post-3280","page","type-page","status-publish"],"_links":{"self":[{"href":"https:\/\/irene-schueller.de\/en\/wp-json\/wp\/v2\/pages\/3280","targetHints":{"allow":["GET"]}}],"collection":[{"href":"https:\/\/irene-schueller.de\/en\/wp-json\/wp\/v2\/pages"}],"about":[{"href":"https:\/\/irene-schueller.de\/en\/wp-json\/wp\/v2\/types\/page"}],"author":[{"embeddable":true,"href":"https:\/\/irene-schueller.de\/en\/wp-json\/wp\/v2\/users\/1"}],"replies":[{"embeddable":true,"href":"https:\/\/irene-schueller.de\/en\/wp-json\/wp\/v2\/comments?post=3280"}],"version-history":[{"count":8,"href":"https:\/\/irene-schueller.de\/en\/wp-json\/wp\/v2\/pages\/3280\/revisions"}],"predecessor-version":[{"id":3796,"href":"https:\/\/irene-schueller.de\/en\/wp-json\/wp\/v2\/pages\/3280\/revisions\/3796"}],"wp:attachment":[{"href":"https:\/\/irene-schueller.de\/en\/wp-json\/wp\/v2\/media?parent=3280"}],"curies":[{"name":"wp","href":"https:\/\/api.w.org\/{rel}","templated":true}]}}